{"id":612,"date":"2019-01-29T20:49:53","date_gmt":"2019-01-29T19:49:53","guid":{"rendered":"http:\/\/www.antiquite-avenir.org\/?page_id=612"},"modified":"2025-07-13T10:59:53","modified_gmt":"2025-07-13T08:59:53","slug":"proces-verbaux-dag","status":"publish","type":"page","link":"https:\/\/www.antiquite-avenir.org\/?page_id=612","title":{"rendered":"Proc\u00e8s-verbaux AG"},"content":{"rendered":"<p>Proc\u00e8s-verbal de l&rsquo;Assembl\u00e9e G\u00e9n\u00e9rale de 2016:<\/p>\n<p><a href=\"http:\/\/antiquite-avenir.org\/wp-content\/uploads\/2019\/02\/CR-AG-AA-5-XI-2016.pdf\">PV AG AA 5 XI 2016<\/a><\/p>\n<p>Proc\u00e8s-verbal de l&rsquo;Assembl\u00e9e G\u00e9n\u00e9rale de 2017:<\/p>\n<p><a href=\"http:\/\/antiquite-avenir.org\/wp-content\/uploads\/2019\/01\/CR-AG-AA-18-XI-2017.pdf\">PV AG AA 18 XI 2017<\/a><\/p>\n<p>Proc\u00e8s-verbal de l&rsquo;Assembl\u00e9e G\u00e9n\u00e9rale de 2018:<\/p>\n<p>&nbsp;<\/p>\n<p>Proc\u00e8s-verbal de l&rsquo;Assembl\u00e9e G\u00e9n\u00e9rale de 2019 :<\/p>\n<p><a href=\"http:\/\/antiquite-avenir.org\/wp-content\/uploads\/2019\/12\/Rapport_AG_16.11.19.pdf\">PV AG AA 16 XI 2019<\/a><\/p>\n<p>Proc\u00e8s-verbal de l&rsquo;Assembl\u00e9e G\u00e9n\u00e9rale de 2020 :<\/p>\n<p>&nbsp;<\/p>\n<p>Proc\u00e8s-verbal de l&rsquo;Assembl\u00e9e G\u00e9n\u00e9rale de 2021 :<\/p>\n<p><a href=\"http:\/\/antiquite-avenir.org\/wp-content\/uploads\/2023\/10\/CR-AA-AG-v3-SIGNEE-LS.pdf\">PV AG AA 20 XI 2021<\/a><\/p>\n<p>Proc\u00e8s verbal de l&rsquo;Assembl\u00e9e G\u00e9n\u00e9rale de 2022 :<\/p>\n<p><a href=\"http:\/\/antiquite-avenir.org\/wp-content\/uploads\/2023\/10\/CR-de-lAG-AA-19-XI-22.pdf\">PV AG AA 19 XI 2022<\/a><\/p>\n<!-- AddThis Advanced Settings generic via filter on the_content --><!-- AddThis Share Buttons generic via filter on the_content -->","protected":false},"excerpt":{"rendered":"<p>Proc\u00e8s-verbal de l&rsquo;Assembl\u00e9e G\u00e9n\u00e9rale de 2016: PV AG AA 5 XI 2016 Proc\u00e8s-verbal de l&rsquo;Assembl\u00e9e G\u00e9n\u00e9rale de 2017: PV AG AA 18 XI 2017 Proc\u00e8s-verbal de l&rsquo;Assembl\u00e9e G\u00e9n\u00e9rale de 2018: &nbsp; Proc\u00e8s-verbal de l&rsquo;Assembl\u00e9e G\u00e9n\u00e9rale de 2019 : PV AG AA 16 XI 2019 Proc\u00e8s-verbal de l&rsquo;Assembl\u00e9e G\u00e9n\u00e9rale de 2020 : &nbsp; Proc\u00e8s-verbal de l&rsquo;Assembl\u00e9e &hellip; <a href=\"https:\/\/www.antiquite-avenir.org\/?page_id=612\" class=\"more-link\">Continuer la lecture de <span class=\"screen-reader-text\">Proc\u00e8s-verbaux AG<\/span>  <span class=\"meta-nav\">&rarr;<\/span><\/a><!-- AddThis Advanced Settings generic via filter on wp_trim_excerpt --><!-- AddThis Share Buttons generic via filter on wp_trim_excerpt --><\/p>\n","protected":false},"author":1,"featured_media":0,"parent":0,"menu_order":0,"comment_status":"closed","ping_status":"closed","template":"","meta":{"footnotes":""},"class_list":["post-612","page","type-page","status-publish","hentry"],"_links":{"self":[{"href":"https:\/\/www.antiquite-avenir.org\/index.php?rest_route=\/wp\/v2\/pages\/612","targetHints":{"allow":["GET"]}}],"collection":[{"href":"https:\/\/www.antiquite-avenir.org\/index.php?rest_route=\/wp\/v2\/pages"}],"about":[{"href":"https:\/\/www.antiquite-avenir.org\/index.php?rest_route=\/wp\/v2\/types\/page"}],"author":[{"embeddable":true,"href":"https:\/\/www.antiquite-avenir.org\/index.php?rest_route=\/wp\/v2\/users\/1"}],"replies":[{"embeddable":true,"href":"https:\/\/www.antiquite-avenir.org\/index.php?rest_route=%2Fwp%2Fv2%2Fcomments&post=612"}],"version-history":[{"count":10,"href":"https:\/\/www.antiquite-avenir.org\/index.php?rest_route=\/wp\/v2\/pages\/612\/revisions"}],"predecessor-version":[{"id":1223,"href":"https:\/\/www.antiquite-avenir.org\/index.php?rest_route=\/wp\/v2\/pages\/612\/revisions\/1223"}],"wp:attachment":[{"href":"https:\/\/www.antiquite-avenir.org\/index.php?rest_route=%2Fwp%2Fv2%2Fmedia&parent=612"}],"curies":[{"name":"wp","href":"https:\/\/api.w.org\/{rel}","templated":true}]}}