{"id":387,"date":"2017-06-11T17:21:59","date_gmt":"2017-06-11T15:21:59","guid":{"rendered":"http:\/\/www.antiquite-avenir.org\/?page_id=387"},"modified":"2025-07-13T10:55:35","modified_gmt":"2025-07-13T08:55:35","slug":"les-associations-membres-du-reseau","status":"publish","type":"page","link":"https:\/\/www.antiquite-avenir.org\/?page_id=387","title":{"rendered":"Les associations membres du r\u00e9seau"},"content":{"rendered":"<p>Antiquipop,<\/p>\n<p>Arr\u00eate ton char,<\/p>\n<p>Association des membres, anciens membres et chercheurs associ\u00e9s de l&rsquo;\u00c9cole fran\u00e7aise d&rsquo;Ath\u00e8nes (AMEFA),<\/p>\n<p>Association des Professeurs d&rsquo;Arch\u00e9ologie et d&rsquo;Histoire de l&rsquo;Art de l&rsquo;Universit\u00e9 (APAHAU),<\/p>\n<p>Association pour l\u2019Encouragement des \u00c9tudes Grecques en France (AEG),<\/p>\n<p>Association Fran\u00e7aise d\u2019Histoire \u00c9conomique (AFHE),<\/p>\n<p>Association Luxembourgeoise des Professeurs de Latin et de Grec (ALPLG),<\/p>\n<p>Les Amis de la Villa K\u00e9rylos,<\/p>\n<p>Association Guillaume Bud\u00e9,<\/p>\n<p>Association des Professeurs d\u2019Histoire et G\u00e9ographie (APHG),<\/p>\n<p>Association des Professeurs de Langues Anciennes de l\u2019Enseignement Sup\u00e9rieur (APLAES),<\/p>\n<p>Les Argonautes,<\/p>\n<p>Ath\u00e9na. La passion des voyages culturels,<\/p>\n<p>La Coordination Nationale des Associations R\u00e9gionales des Enseignants de Langues Anciennes (CNARELA),<\/p>\n<p>Les Clionautes, les historiens et les g\u00e9ographes de l\u2019avenir,<\/p>\n<p>Compitum,<\/p>\n<p>Comit\u00e9 fran\u00e7ais des \u00e9tudes byzantines,<\/p>\n<p>Fondation Hardt,<\/p>\n<p>Fonds Kh\u00e9ops,<\/p>\n<p>Human-Hist,<\/p>\n<p>Mn\u00e9mosyne,<\/p>\n<p>Rallye latin,<\/p>\n<p>Sauvegarde des Enseignements Litt\u00e9raires (SEL),<\/p>\n<p>Soci\u00e9t\u00e9 d\u2019\u00c9tudes M\u00e9dio- et N\u00e9o-Latines (SEMEN-L),<\/p>\n<p>Soci\u00e9t\u00e9 des \u00c9tudes Syriaques,<\/p>\n<p>Soci\u00e9t\u00e9 Fran\u00e7aise d\u2019Arch\u00e9ologie Classique (SFAC),<\/p>\n<p>Soci\u00e9t\u00e9 Fran\u00e7aise d&rsquo;\u00c9gyptologie,<\/p>\n<p>Soci\u00e9t\u00e9 Fran\u00e7aise de Numismatique (SFN),<\/p>\n<p>Soci\u00e9t\u00e9 des \u00c9tudes Latines,<\/p>\n<p>Soci\u00e9t\u00e9 des Professeurs d\u2019Histoire Ancienne de l\u2019Universit\u00e9 (SoPHAU),<\/p>\n<p>Sorbonne Antique,<\/p>\n<p>Textes pour l\u2019Histoire de l\u2019Antiquit\u00e9 tardive (THAT).<\/p>\n<p>&nbsp;<\/p>\n<!-- AddThis Advanced Settings generic via filter on the_content --><!-- AddThis Share Buttons generic via filter on the_content -->","protected":false},"excerpt":{"rendered":"<p>Antiquipop, Arr\u00eate ton char, Association des membres, anciens membres et chercheurs associ\u00e9s de l&rsquo;\u00c9cole fran\u00e7aise d&rsquo;Ath\u00e8nes (AMEFA), Association des Professeurs d&rsquo;Arch\u00e9ologie et d&rsquo;Histoire de l&rsquo;Art de l&rsquo;Universit\u00e9 (APAHAU), Association pour l\u2019Encouragement des \u00c9tudes Grecques en France (AEG), Association Fran\u00e7aise d\u2019Histoire \u00c9conomique (AFHE), Association Luxembourgeoise des Professeurs de Latin et de Grec (ALPLG), Les Amis de &hellip; <a href=\"https:\/\/www.antiquite-avenir.org\/?page_id=387\" class=\"more-link\">Continuer la lecture de <span class=\"screen-reader-text\">Les associations membres du r\u00e9seau<\/span>  <span class=\"meta-nav\">&rarr;<\/span><\/a><!-- AddThis Advanced Settings generic via filter on wp_trim_excerpt --><!-- AddThis Share Buttons generic via filter on wp_trim_excerpt --><\/p>\n","protected":false},"author":1,"featured_media":0,"parent":0,"menu_order":0,"comment_status":"closed","ping_status":"closed","template":"","meta":{"footnotes":""},"class_list":["post-387","page","type-page","status-publish","hentry"],"_links":{"self":[{"href":"https:\/\/www.antiquite-avenir.org\/index.php?rest_route=\/wp\/v2\/pages\/387","targetHints":{"allow":["GET"]}}],"collection":[{"href":"https:\/\/www.antiquite-avenir.org\/index.php?rest_route=\/wp\/v2\/pages"}],"about":[{"href":"https:\/\/www.antiquite-avenir.org\/index.php?rest_route=\/wp\/v2\/types\/page"}],"author":[{"embeddable":true,"href":"https:\/\/www.antiquite-avenir.org\/index.php?rest_route=\/wp\/v2\/users\/1"}],"replies":[{"embeddable":true,"href":"https:\/\/www.antiquite-avenir.org\/index.php?rest_route=%2Fwp%2Fv2%2Fcomments&post=387"}],"version-history":[{"count":15,"href":"https:\/\/www.antiquite-avenir.org\/index.php?rest_route=\/wp\/v2\/pages\/387\/revisions"}],"predecessor-version":[{"id":1482,"href":"https:\/\/www.antiquite-avenir.org\/index.php?rest_route=\/wp\/v2\/pages\/387\/revisions\/1482"}],"wp:attachment":[{"href":"https:\/\/www.antiquite-avenir.org\/index.php?rest_route=%2Fwp%2Fv2%2Fmedia&parent=387"}],"curies":[{"name":"wp","href":"https:\/\/api.w.org\/{rel}","templated":true}]}}