{"id":25,"date":"2016-05-09T19:15:35","date_gmt":"2016-05-09T18:15:35","guid":{"rendered":"http:\/\/antiquite-avenir.org\/?page_id=25"},"modified":"2025-12-30T11:25:41","modified_gmt":"2025-12-30T10:25:41","slug":"qui-sommes-nous","status":"publish","type":"page","link":"https:\/\/www.antiquite-avenir.org\/?page_id=25","title":{"rendered":"Qui sommes-nous ?"},"content":{"rendered":"<p style=\"text-align: justify;\"><img loading=\"lazy\" decoding=\"async\" class=\"wp-image-522 size-medium aligncenter\" src=\"http:\/\/antiquite-avenir.org\/wp-content\/uploads\/2016\/05\/Logo-AA_Vd\u00e9f-300x164.jpg\" alt=\"\" width=\"300\" height=\"164\" \/><\/p>\n<p>&nbsp;<\/p>\n<p>Le r\u00e9seau Antiquit\u00e9-Avenir est un groupement d\u2019associations li\u00e9es \u00e0 l\u2019Antiquit\u00e9 se donnant pour mission de promouvoir et de valoriser la connaissance, les savoirs et la transmission des sciences de l\u2019Antiquit\u00e9.<\/p>\n<p>Ce r\u00e9seau a pour but de\u00a0: 1) faire circuler entre ses membres toutes les informations relatives \u00e0 des manifestations, actions, prises de positions relatives aux sciences de l\u2019Antiquit\u00e9 \u00e9manant de l\u2019un des membres du groupement\u00a0; 2) appuyer, si n\u00e9cessaire, ces manifestations, actions, prises de position particuli\u00e8res par des manifestations, actions, prises de position communes\u00a0; 3) diffuser ces informations, hors du cercle des membres respectifs du groupement, vers un large public, par les moyens vari\u00e9s jug\u00e9s les plus opportuns.<\/p>\n<p style=\"text-align: justify;\">Le r\u00e9seau\u00a0Antiquit\u00e9-Avenir est ouvert \u00e0 toutes les associations partageant ses principes et ses objectifs.<\/p>\n<p style=\"text-align: justify;\"><strong>Antiquit\u00e9-Avenir est administr\u00e9 par un directoire \u00e9lu (voir les\u00a0 statuts)<\/strong><\/p>\n<p style=\"text-align: justify;\">Depuis novembre 2025, le Directoire d&rsquo;Antiquit\u00e9-Avenir est compos\u00e9 des membres suivants :<\/p>\n<p style=\"text-align: justify;\">Emmanu\u00e8le Caire (APLAES, secr\u00e9taire), Florian Audureau (APLAES, secr\u00e9taire-adjoint), Sylvie Pittia (SoPHAU, tr\u00e9sori\u00e8re), Pierre-Olivier Hochard (SFN tr\u00e9sorier-adjoint), Claude Brunet (AGB), Mathieu Engerbeaud (SoPHAU), Annie Sartre-Fauriat (SOPHAU), Maxence Badaire (Les Argonautes), Marc Baratin (ASEL),\u00a0 Sophie Lalanne (Mn\u00e9mosyne), No\u00e9mie Lemennais (APHG), Fran\u00e7ois Ploton-Nicollet (SEMEN-L),\u00a0 Olivier Delouis (CFEB), Fran\u00e7ois Motais (THAT)<\/p>\n<p>Les suppl\u00e9ants sont: Jean-Baptiste Guillaumin (APLAES), Nassimo Berland (APHG), Malika Bastin (APLAES), Manon Brouillet (APLAES), Elisa Le Bail (Argonautes), Annick Peters-Custot (CFEB), Monique Tr\u00e9d\u00e9 (ASEL), Emilie Serris (SEMEN-L), Catherine Grandjean (SFN), Antonio Gonzales (SOPHAU), Laurence Mercuri (SOPHAU), Cyrielle Landr\u00e9a (SOPHAU) et Val\u00e9rie Fauvinet-Ranson (THAT).<\/p>\n<!-- AddThis Advanced Settings generic via filter on the_content --><!-- AddThis Share Buttons generic via filter on the_content -->","protected":false},"excerpt":{"rendered":"<p>&nbsp; Le r\u00e9seau Antiquit\u00e9-Avenir est un groupement d\u2019associations li\u00e9es \u00e0 l\u2019Antiquit\u00e9 se donnant pour mission de promouvoir et de valoriser la connaissance, les savoirs et la transmission des sciences de l\u2019Antiquit\u00e9. Ce r\u00e9seau a pour but de\u00a0: 1) faire circuler entre ses membres toutes les informations relatives \u00e0 des manifestations, actions, prises de positions relatives &hellip; <a href=\"https:\/\/www.antiquite-avenir.org\/?page_id=25\" class=\"more-link\">Continuer la lecture de <span class=\"screen-reader-text\">Qui sommes-nous ?<\/span>  <span class=\"meta-nav\">&rarr;<\/span><\/a><!-- AddThis Advanced Settings generic via filter on wp_trim_excerpt --><!-- AddThis Share Buttons generic via filter on wp_trim_excerpt --><\/p>\n","protected":false},"author":1,"featured_media":0,"parent":0,"menu_order":0,"comment_status":"closed","ping_status":"closed","template":"","meta":{"footnotes":""},"class_list":["post-25","page","type-page","status-publish","hentry"],"_links":{"self":[{"href":"https:\/\/www.antiquite-avenir.org\/index.php?rest_route=\/wp\/v2\/pages\/25","targetHints":{"allow":["GET"]}}],"collection":[{"href":"https:\/\/www.antiquite-avenir.org\/index.php?rest_route=\/wp\/v2\/pages"}],"about":[{"href":"https:\/\/www.antiquite-avenir.org\/index.php?rest_route=\/wp\/v2\/types\/page"}],"author":[{"embeddable":true,"href":"https:\/\/www.antiquite-avenir.org\/index.php?rest_route=\/wp\/v2\/users\/1"}],"replies":[{"embeddable":true,"href":"https:\/\/www.antiquite-avenir.org\/index.php?rest_route=%2Fwp%2Fv2%2Fcomments&post=25"}],"version-history":[{"count":29,"href":"https:\/\/www.antiquite-avenir.org\/index.php?rest_route=\/wp\/v2\/pages\/25\/revisions"}],"predecessor-version":[{"id":1516,"href":"https:\/\/www.antiquite-avenir.org\/index.php?rest_route=\/wp\/v2\/pages\/25\/revisions\/1516"}],"wp:attachment":[{"href":"https:\/\/www.antiquite-avenir.org\/index.php?rest_route=%2Fwp%2Fv2%2Fmedia&parent=25"}],"curies":[{"name":"wp","href":"https:\/\/api.w.org\/{rel}","templated":true}]}}