{"id":1252,"date":"2024-01-29T20:40:17","date_gmt":"2024-01-29T19:40:17","guid":{"rendered":"http:\/\/www.antiquite-avenir.org\/?page_id=1252"},"modified":"2026-01-24T10:49:00","modified_gmt":"2026-01-24T09:49:00","slug":"antiquite-avenir-celebre-les-jo","status":"publish","type":"page","link":"https:\/\/www.antiquite-avenir.org\/?page_id=1252","title":{"rendered":"Antiquit\u00e9 Avenir a c\u00e9l\u00e9br\u00e9 les JO"},"content":{"rendered":"<p>&nbsp;<\/p>\n<p>\u00c0 l\u2019image des Jeux antiques, les Jeux Olympiques modernes ont pr\u00e9sent\u00e9, au cours des ann\u00e9es 1912-1948, \u00e0 c\u00f4t\u00e9 des comp\u00e9titions sportives, des comp\u00e9titions artistiques dans cinq cat\u00e9gories (litt\u00e9rature, architecture, peinture, sculpture, musique). Ce fut notamment le cas lors des Jeux de Paris 1924, dont Paris 2024 f\u00eatera le centenaire.<\/p>\n<p>Antiquit\u00e9 Avenir a voulu renouer avec l\u2019esprit de cette tradition en organisant le projet <strong>\u00ab\u00a0Antiquit\u00e9 Avenir c\u00e9l\u00e8bre les Jeux Olympiques\u00a0\u00bb<\/strong> propos\u00e9 aux associations membres. L\u2019objectif est de mettre en \u00e9vidence et de promouvoir le dynamisme et l\u2019inventivit\u00e9 avec lesquels les membres du r\u00e9seau s\u2019empareront du th\u00e8me des Jeux Olympiques pour produire, chacun dans son domaine, des r\u00e9alisations, \u00e9tudes ou manifestations susceptibles d\u2019\u00e9clairer et d\u2019enrichir l\u2019approche de cet \u00e9v\u00e9nement.<\/p>\n<p>Antiquit\u00e9 Avenir a souhait\u00e9 valoriser par l\u2019octroi d\u2019un <strong>label \u00ab\u00a0<em>Antiquit\u00e9 Avenir c\u00e9l\u00e8bre les Jeux Olympiques<\/em>\u00a0\u00bb<\/strong> les initiatives de qualit\u00e9 prises localement par des membres du r\u00e9seau, dans leur richesse et leur diversit\u00e9, pour r\u00e9aliser \u00ab\u00a0cet heureux commerce des Lettres et des Arts avec le sport\u00a0\u00bb ou les valeurs olympiques.<\/p>\n<p>Nous sommes heureux de pr\u00e9senter ici les projets qui ont obtenu ce label.<\/p>\n<p style=\"text-align: center;\"><strong>APHG<\/strong><\/p>\n<p><a href=\"http:\/\/antiquite-avenir.org\/wp-content\/uploads\/2024\/01\/Fiche-de-presentation-projet-APHG-1.pdf\">Fiche de pre\u0301sentation projet APHG 1<\/a><\/p>\n<p><a href=\"http:\/\/antiquite-avenir.org\/wp-content\/uploads\/2024\/01\/Fiche-de-presentation-projet-APHG-2.pdf\">Fiche de pre\u0301sentation projet APHG 2<\/a><\/p>\n<p>&nbsp;<\/p>\n<p style=\"text-align: center;\"><strong>APLG-CNARELA<\/strong><\/p>\n<p><a href=\"http:\/\/antiquite-avenir.org\/wp-content\/uploads\/2024\/03\/Fiche-de-presentation-projet-APLG-CNARELA.pdf\">Fiche de pre\u0301sentation projet APLG-CNARELA<\/a><\/p>\n<p>&nbsp;<\/p>\n<p style=\"text-align: center;\"><strong>ARELAB<\/strong><\/p>\n<p><a href=\"http:\/\/antiquite-avenir.org\/wp-content\/uploads\/2024\/01\/Fiche-de-presentation-projet-ARELAB-1.pdf\">Fiche de pre\u0301sentation projet ARELAB 1<\/a><\/p>\n<p><a href=\"http:\/\/antiquite-avenir.org\/wp-content\/uploads\/2024\/01\/Fiche-de-presentation-projet-ARELAB-2.pdf\">Fiche de pre\u0301sentation projet ARELAB 2<\/a><\/p>\n<p><a href=\"http:\/\/antiquite-avenir.org\/wp-content\/uploads\/2024\/01\/Fiche-de-presentation-projet-ARELAB-3.pdf\">Fiche de pre\u0301sentation projet ARELAB 3<\/a><\/p>\n<p>&nbsp;<\/p>\n<p style=\"text-align: center;\"><strong>ARELABOR<\/strong><\/p>\n<p><a href=\"http:\/\/antiquite-avenir.org\/wp-content\/uploads\/2024\/01\/Fiche-de-presentation-projet-ARELABOR.pdf\">Fiche de pre\u0301sentation projet ARELABOR<\/a><\/p>\n<p>&nbsp;<\/p>\n<p style=\"text-align: center;\"><strong>ARELABOR et ARELALIM<\/strong><\/p>\n<p><a href=\"http:\/\/antiquite-avenir.org\/wp-content\/uploads\/2024\/01\/Fiche-de-presentation-de-projet-ARELABOR-et-ARELALIM.pdf\">Fiche de pre\u0301sentation de projet ARELABOR et ARELALIM<\/a><\/p>\n<p>&nbsp;<\/p>\n<p style=\"text-align: center;\"><strong>ARELAD<\/strong><\/p>\n<p><a href=\"http:\/\/antiquite-avenir.org\/wp-content\/uploads\/2024\/01\/Fiche-de-presentation-de-projet-ARELAD-1.pdf\">Fiche de pre\u0301sentation de projet ARELAD 1<\/a><\/p>\n<p><a href=\"http:\/\/antiquite-avenir.org\/wp-content\/uploads\/2024\/01\/Fiche-de-presentation-de-projet-ARELAD-2.pdf\">Fiche de pre\u0301sentation de projet ARELAD 2<\/a><\/p>\n<p><a href=\"http:\/\/antiquite-avenir.org\/wp-content\/uploads\/2024\/02\/Fiche-de-presentation-de-projet-ARELAD-3.pdf\">Fiche de pre\u0301sentation de projet ARELAD 3<\/a><\/p>\n<p>&nbsp;<\/p>\n<p style=\"text-align: center;\"><strong>ARELAM<\/strong><\/p>\n<p><a href=\"http:\/\/antiquite-avenir.org\/wp-content\/uploads\/2024\/01\/Fiche-de-presentation-projet-ARELAM-1.pdf\">Fiche de pre\u0301sentation projet ARELAM 1<\/a><\/p>\n<p><a href=\"http:\/\/antiquite-avenir.org\/wp-content\/uploads\/2024\/01\/Fiche-de-presentation-projet-ARELAM-2.pdf\">Fiche de pre\u0301sentation projet ARELAM 2<\/a><\/p>\n<p>&nbsp;<\/p>\n<p style=\"text-align: center;\"><strong>ARTELA<\/strong><\/p>\n<p><a href=\"http:\/\/antiquite-avenir.org\/wp-content\/uploads\/2024\/01\/Fiche-de-presentation-projet-ARTELA-1.pdf\">Fiche de pre\u0301sentation projet ARTELA 1<\/a><\/p>\n<p><a href=\"http:\/\/antiquite-avenir.org\/wp-content\/uploads\/2024\/01\/Fiche-de-presentation-projet-ARTELA-2.pdf\">Fiche de pre\u0301sentation projet ARTELA 2<\/a><\/p>\n<p>&nbsp;<\/p>\n<p style=\"text-align: center;\"><strong>Connaissance hell\u00e9nique <\/strong><\/p>\n<p><a href=\"http:\/\/antiquite-avenir.org\/wp-content\/uploads\/2024\/03\/Fiche-de-presentation-projet-Connaissance-hellenique.pdf\">Fiche de pre\u0301sentation projet Connaissance helle\u0301nique<\/a><\/p>\n<p>&nbsp;<\/p>\n<p style=\"text-align: center;\"><strong>Sorbonne Antique<\/strong><\/p>\n<p><a href=\"http:\/\/antiquite-avenir.org\/wp-content\/uploads\/2024\/01\/Fiche-de-presentation-projet-Sorbonne-Antique-Cycle-de-conference.pdf\">Fiche de pre\u0301sentation projet Sorbonne Antique Cycle de confe\u0301rences<\/a><\/p>\n<p><a href=\"http:\/\/antiquite-avenir.org\/wp-content\/uploads\/2024\/01\/Fiche-de-presentation-projet-Sorbonne-Antique-Journee-de-lAntiquite.pdf\">Fiche de pre\u0301sentation projet Sorbonne Antique Journe\u0301e de l&rsquo;Antiquite\u0301<\/a><\/p>\n<p>&nbsp;<\/p>\n<p>&nbsp;<\/p>\n<p style=\"text-align: center;\"><span style=\"color: #ff0000;\"><strong>BILAN<\/strong> <\/span><\/p>\n<p>&nbsp;<\/p>\n<p style=\"text-align: center;\"><strong>APLG-CNARELA<\/strong><\/p>\n<p><a href=\"http:\/\/antiquite-avenir.org\/wp-content\/uploads\/2024\/11\/APLG-CNARELA.-Colloque-autour-des-Jeux-Olympiques.odt\">APLG-CNARELA. Colloque autour des Jeux Olympiques<\/a><\/p>\n<p><img loading=\"lazy\" decoding=\"async\" class=\"aligncenter wp-image-1350 size-large\" src=\"http:\/\/antiquite-avenir.org\/wp-content\/uploads\/2024\/11\/affichage-2-colloque-lyc\u201ae-Douanier-Rousseau-Laval-1024x768.jpg\" alt=\"\" width=\"474\" height=\"356\" \/><img loading=\"lazy\" decoding=\"async\" class=\"aligncenter wp-image-1349 size-large\" src=\"http:\/\/antiquite-avenir.org\/wp-content\/uploads\/2024\/11\/2-Colloque-19-avril-2024-Lyc\u201ae-Douanier-Rousseau-1024x768.jpg\" alt=\"\" width=\"474\" height=\"356\" \/><\/p>\n<p>&nbsp;<\/p>\n<p style=\"text-align: center;\"><strong>ARELAB<\/strong><\/p>\n<p>Projet 1<\/p>\n<p><img loading=\"lazy\" decoding=\"async\" class=\"wp-image-1381 size-large aligncenter\" src=\"http:\/\/antiquite-avenir.org\/wp-content\/uploads\/2024\/11\/RIHL-affiche-1-768x1024.jpg\" alt=\"\" width=\"474\" height=\"632\" \/><\/p>\n<p>&nbsp;<\/p>\n<p>Projet 2<\/p>\n<p><a href=\"http:\/\/antiquite-avenir.org\/wp-content\/uploads\/2024\/11\/Conference-sur-Pindare.pdf\">Confe\u0301rence sur Pindare<\/a><\/p>\n<p>&nbsp;<\/p>\n<p>Projet 3<\/p>\n<p><a href=\"http:\/\/antiquite-avenir.org\/wp-content\/uploads\/2024\/11\/Odes-pindariques.pdf\">Odes pindariques<\/a><\/p>\n<p>&nbsp;<\/p>\n<p style=\"text-align: center;\"><strong>ARELABOR et ARELALIM<\/strong><\/p>\n<p><a href=\"http:\/\/antiquite-avenir.org\/wp-content\/uploads\/2024\/11\/Affiche-College.pdf\">Affiche Colle\u0300ge<\/a><\/p>\n<p><a href=\"http:\/\/antiquite-avenir.org\/wp-content\/uploads\/2024\/11\/Affiche-Lycee.pdf\">Affiche Lyce\u0301e<\/a><\/p>\n<p>&nbsp;<\/p>\n<p style=\"text-align: center;\"><strong>ARELAD<\/strong><\/p>\n<p><a href=\"http:\/\/antiquite-avenir.org\/wp-content\/uploads\/2024\/11\/Palmares-2024.pdf\">Palmare\u0300s 2024<\/a><\/p>\n<p>Articles de presse :<\/p>\n<p><a href=\"https:\/\/jaimedijon.com\/expo-alesia-carnot-0624\/?fbclid=IwZXh0bgNhZW0CMTEAAR2xKe_4vxlTmWG3bLg8_4k5jyalluXCsKaIRrv8wVno8DWpSvnUj-7B_Wo_aem_C0-rcv4en1zIH_71HYeXuQ\">https:\/\/jaimedijon.com\/expo-alesia-carnot-0624\/?fbclid=IwZXh0bgNhZW0CMTEAAR2xKe_4vxlTmWG3bLg8_4k5jyalluXCsKaIRrv8wVno8DWpSvnUj-7B_Wo_aem_C0-rcv4en1zIH_71HYeXuQ<\/a><\/p>\n<p><a href=\"https:\/\/cursus-publicus-burgundionum.sd.ac-dijon.fr\/2024\/06\/23\/ludi-latini-college-carnot-et-gaston-roupnel\/\">https:\/\/cursus-publicus-burgundionum.sd.ac-dijon.fr\/2024\/06\/23\/ludi-latini-college-carnot-et-gaston-roupnel\/<\/a><\/p>\n<p><a href=\"https:\/\/cursus-publicus-burgundionum.sd.ac-dijon.fr\/2024\/06\/23\/lexpo-o-jeux-les-collegiens-font-equipe-du-11-au-14-juin-au-college-carnot\/\">https:\/\/cursus-publicus-burgundionum.sd.ac-dijon.fr\/2024\/06\/23\/lexpo-o-jeux-les-collegiens-font-equipe-du-11-au-14-juin-au-college-carnot\/<\/a><\/p>\n<p>&nbsp;<\/p>\n<p style=\"text-align: center;\"><strong>ARELAM<\/strong><\/p>\n<p><a href=\"http:\/\/antiquite-avenir.org\/wp-content\/uploads\/2024\/11\/Bilan-ARELAM.pdf\">Bilan ARELAM<\/a><\/p>\n<p>&nbsp;<\/p>\n<p style=\"text-align: center;\"><strong>ARTELA<\/strong><\/p>\n<p><a href=\"http:\/\/antiquite-avenir.org\/wp-content\/uploads\/2024\/11\/ARTELA-Conference-.pdf\">ARTELA Confe\u0301rence<\/a><\/p>\n<p><a href=\"http:\/\/antiquite-avenir.org\/wp-content\/uploads\/2024\/11\/Bulletin_Juil24_Concours.pdf\">Bulletin_Juil24_Concours<\/a><\/p>\n<p><a href=\"http:\/\/antiquite-avenir.org\/wp-content\/uploads\/2024\/11\/Bulletin_Juil24_SDA.pdf\">Bulletin_Juil24_SDA<\/a><\/p>\n<p>&nbsp;<\/p>\n<p>&nbsp;<\/p>\n<p style=\"text-align: center;\"><strong>Connaissance hell\u00e9nique<\/strong><\/p>\n<p><a href=\"https:\/\/ch.hypotheses.org\/13308\">Num\u00e9ro de <em>Luchnos<\/em> n\u00b0 168<\/a><\/p>\n<p>&nbsp;<\/p>\n<p style=\"text-align: center;\"><strong>Sorbonne Antique<\/strong><\/p>\n<p><a href=\"http:\/\/antiquite-avenir.org\/wp-content\/uploads\/2024\/11\/Bilan-Sorbonne-Antique.pdf\">Bilan Sorbonne Antique<\/a><\/p>\n<p>&nbsp;<\/p>\n<!-- AddThis Advanced Settings generic via filter on the_content --><!-- AddThis Share Buttons generic via filter on the_content -->","protected":false},"excerpt":{"rendered":"<p>&nbsp; \u00c0 l\u2019image des Jeux antiques, les Jeux Olympiques modernes ont pr\u00e9sent\u00e9, au cours des ann\u00e9es 1912-1948, \u00e0 c\u00f4t\u00e9 des comp\u00e9titions sportives, des comp\u00e9titions artistiques dans cinq cat\u00e9gories (litt\u00e9rature, architecture, peinture, sculpture, musique). Ce fut notamment le cas lors des Jeux de Paris 1924, dont Paris 2024 f\u00eatera le centenaire. Antiquit\u00e9 Avenir a voulu renouer &hellip; <a href=\"https:\/\/www.antiquite-avenir.org\/?page_id=1252\" class=\"more-link\">Continuer la lecture de <span class=\"screen-reader-text\">Antiquit\u00e9 Avenir a c\u00e9l\u00e9br\u00e9 les JO<\/span>  <span class=\"meta-nav\">&rarr;<\/span><\/a><!-- AddThis Advanced Settings generic via filter on wp_trim_excerpt --><!-- AddThis Share Buttons generic via filter on wp_trim_excerpt --><\/p>\n","protected":false},"author":1,"featured_media":0,"parent":0,"menu_order":0,"comment_status":"closed","ping_status":"closed","template":"","meta":{"footnotes":""},"class_list":["post-1252","page","type-page","status-publish","hentry"],"_links":{"self":[{"href":"https:\/\/www.antiquite-avenir.org\/index.php?rest_route=\/wp\/v2\/pages\/1252","targetHints":{"allow":["GET"]}}],"collection":[{"href":"https:\/\/www.antiquite-avenir.org\/index.php?rest_route=\/wp\/v2\/pages"}],"about":[{"href":"https:\/\/www.antiquite-avenir.org\/index.php?rest_route=\/wp\/v2\/types\/page"}],"author":[{"embeddable":true,"href":"https:\/\/www.antiquite-avenir.org\/index.php?rest_route=\/wp\/v2\/users\/1"}],"replies":[{"embeddable":true,"href":"https:\/\/www.antiquite-avenir.org\/index.php?rest_route=%2Fwp%2Fv2%2Fcomments&post=1252"}],"version-history":[{"count":29,"href":"https:\/\/www.antiquite-avenir.org\/index.php?rest_route=\/wp\/v2\/pages\/1252\/revisions"}],"predecessor-version":[{"id":1523,"href":"https:\/\/www.antiquite-avenir.org\/index.php?rest_route=\/wp\/v2\/pages\/1252\/revisions\/1523"}],"wp:attachment":[{"href":"https:\/\/www.antiquite-avenir.org\/index.php?rest_route=%2Fwp%2Fv2%2Fmedia&parent=1252"}],"curies":[{"name":"wp","href":"https:\/\/api.w.org\/{rel}","templated":true}]}}