{"id":1009,"date":"2021-04-24T22:00:13","date_gmt":"2021-04-24T20:00:13","guid":{"rendered":"http:\/\/www.antiquite-avenir.org\/?page_id=1009"},"modified":"2021-04-25T12:46:02","modified_gmt":"2021-04-25T10:46:02","slug":"liste-des-comptes-rendus-disponibles","status":"publish","type":"page","link":"https:\/\/www.antiquite-avenir.org\/?page_id=1009","title":{"rendered":"Liste des comptes rendus disponibles"},"content":{"rendered":"<p>&nbsp;<\/p>\n<p><a href=\"http:\/\/www.antiquite-avenir.org\/?p=643\"><em>Relire Vernant<\/em><\/a>, textes r\u00e9unis et pr\u00e9sent\u00e9s par Stella Georgoudi et Fran\u00e7ois de Polignac, Paris, Les Belles Lettres, 2018 (par C\u00e9cilia Suzzoni, mis en ligne en f\u00e9vrier 2019)<\/p>\n<p>Maurizio Bettini, <a href=\"http:\/\/www.antiquite-avenir.org\/?p=670\"><em>Superflu et indispensable. \u00c0 quoi servent les Grecs et les Romains\u00a0?<\/em><\/a>, traduit de l\u2019italien par Pierre Vesperini, Paris, Flammarion, 2018 (par C\u00e9cilia Suzzoni, mis en ligne en mai 2019)<\/p>\n<p>Enrico Norelli, <a href=\"http:\/\/www.antiquite-avenir.org\/?p=680\"><em>La Naissance du christianisme. Comment tout a commenc\u00e9<\/em><\/a>, Paris, Gallimard, coll. \u00ab Folio Histoire \u00bb, 2019 (par Antony Glaise, mis en ligne en juin 2019)<\/p>\n<p><a href=\"http:\/\/www.antiquite-avenir.org\/?p=685\"><em>Royaumes oubli\u00e9s. De l\u2019empire hittite aux Aram\u00e9ens<\/em><\/a>, exposition au Mus\u00e9e du Louvre, du 2 mai 2019 au 12 ao\u00fbt 2019 (par Georges Miroux, mis en ligne en ao\u00fbt 2019)<\/p>\n<p>Kyle Harper, <a href=\"http:\/\/www.antiquite-avenir.org\/?p=705\"><em>Comment l\u2019Empire romain s\u2019est effondr\u00e9. Le climat, les maladies et la chute de Rome<\/em><\/a>, traduit de l\u2019anglais (\u00c9tats-Unis) par Philippe Pignarre (titre original\u00a0: <em>The Fate of Rome<\/em>, Princeton, Princeton University Press, 2017), Paris, \u00c9ditions de la D\u00e9couverte, 2019 (par Delphine Viellard, mis en ligne en novembre 2019)<\/p>\n<p>Paulin Ismard, <a href=\"http:\/\/www.antiquite-avenir.org\/?p=710\"><em>La Cit\u00e9 et ses esclaves. Institution, fictions, exp\u00e9riences<\/em><\/a>, Paris, Le Seuil, 2019 (par Monique Bill, mis en ligne en novembre 2019)<\/p>\n<p>St\u00e9phane Toussaint, <a href=\"http:\/\/www.antiquite-avenir.org\/?p=768\"><em>La Libert\u00e9 d\u2019esprit. Fonction et condition des intellectuels humanistes<\/em><\/a>, Paris, Les Belles Lettres, 2019 (par C\u00e9cila Suzzoni, mis en ligne en juin 2020)<\/p>\n<p>\u00c9tienne Famerie, <a href=\"http:\/\/www.antiquite-avenir.org\/?p=787\"><em>La Ma\u00eetrise du latin par la pratique. Exercices de syntaxe et de style, versions, th\u00e8mes grammaticaux et litt\u00e9raires avec corrig\u00e9s<\/em><\/a>, Paris, Armand Colin, 2020 (par Luigi-Alberto Sanchi, mis en ligne en octobre 2020)<\/p>\n<p>Carlo Ossola, <a href=\"http:\/\/www.antiquite-avenir.org\/?p=800\"><em>Les Vertus communes<\/em><\/a>, traduit de l\u2019italien par Lucien d\u2019Azay, Paris, Les Belles Lettres, 2019 (par Anne Bouscharain, mis en ligne en octobre 2020)<\/p>\n<p>Lucio Russo, <a href=\"http:\/\/www.antiquite-avenir.org\/?p=803\"><em>Notre culture scientifique. Le monde antique en h\u00e9ritage<\/em><\/a>, traduit de l\u2019italien par Antoine Houlou Garcia, Paris, Les Belles Lettres, 2020 (par Gianluca Piscini, mis en ligne en octobre 2020)<\/p>\n<p>Michael Lucken, <a href=\"http:\/\/www.antiquite-avenir.org\/?p=807\"><em>Le Japon grec. Culture et possession<\/em><\/a>, Paris, Gallimard, coll. \u00ab Biblioth\u00e8que des Histoires \u00bb, 2019 (par Violeta Martinez Auriol, mis en ligne en octobre 2020)<\/p>\n<p>Joseph Dalbera et Dominique Longr\u00e9e (\u00e9d.), <a href=\"http:\/\/www.antiquite-avenir.org\/?p=813\"><em>La Langue d\u2019Apul\u00e9e dans les <\/em>M\u00e9tamorphoses<\/a>, Paris, L\u2019Harmattan, coll. \u00ab Kubaba \u00bb, \u00ab Grammaire et linguistique \u00bb, 2019 (par Emilia Ndiaye, mis en ligne en novembre 2020)<\/p>\n<p>Josef Koudelka, <a href=\"http:\/\/www.antiquite-avenir.org\/?p=953\"><em>Ruines<\/em><\/a>, Paris, \u00c9ditions Xavier Barral\/Biblioth\u00e8que nationale de France, 2020, et visite virtuelle de l&rsquo;exposition (par Emilia Ndiaye, mis en ligne en f\u00e9vrier 2021)<\/p>\n<p>Bernadette Cabouret, <a href=\"http:\/\/www.antiquite-avenir.org\/?p=1004\"><em>La Soci\u00e9t\u00e9 de l\u2019Empire romain d\u2019Orient. IV-VI<sup>e<\/sup>\u00a0si\u00e8cle<\/em><\/a>, Rennes, Presses universitaires de Rennes, coll. \u00ab Histoire \u00bb, 2020 (par Delphine Lauritzen, mis en ligne en avril 2021)<\/p>\n<p>&nbsp;<\/p>\n<p>&nbsp;<\/p>\n<!-- AddThis Advanced Settings generic via filter on the_content --><!-- AddThis Share Buttons generic via filter on the_content -->","protected":false},"excerpt":{"rendered":"<p>&nbsp; Relire Vernant, textes r\u00e9unis et pr\u00e9sent\u00e9s par Stella Georgoudi et Fran\u00e7ois de Polignac, Paris, Les Belles Lettres, 2018 (par C\u00e9cilia Suzzoni, mis en ligne en f\u00e9vrier 2019) Maurizio Bettini, Superflu et indispensable. \u00c0 quoi servent les Grecs et les Romains\u00a0?, traduit de l\u2019italien par Pierre Vesperini, Paris, Flammarion, 2018 (par C\u00e9cilia Suzzoni, mis en &hellip; <a href=\"https:\/\/www.antiquite-avenir.org\/?page_id=1009\" class=\"more-link\">Continuer la lecture de <span class=\"screen-reader-text\">Liste des comptes rendus disponibles<\/span>  <span class=\"meta-nav\">&rarr;<\/span><\/a><!-- AddThis Advanced Settings generic via filter on wp_trim_excerpt --><!-- AddThis Share Buttons generic via filter on wp_trim_excerpt --><\/p>\n","protected":false},"author":1,"featured_media":0,"parent":0,"menu_order":0,"comment_status":"closed","ping_status":"closed","template":"","meta":{"footnotes":""},"class_list":["post-1009","page","type-page","status-publish","hentry"],"_links":{"self":[{"href":"https:\/\/www.antiquite-avenir.org\/index.php?rest_route=\/wp\/v2\/pages\/1009","targetHints":{"allow":["GET"]}}],"collection":[{"href":"https:\/\/www.antiquite-avenir.org\/index.php?rest_route=\/wp\/v2\/pages"}],"about":[{"href":"https:\/\/www.antiquite-avenir.org\/index.php?rest_route=\/wp\/v2\/types\/page"}],"author":[{"embeddable":true,"href":"https:\/\/www.antiquite-avenir.org\/index.php?rest_route=\/wp\/v2\/users\/1"}],"replies":[{"embeddable":true,"href":"https:\/\/www.antiquite-avenir.org\/index.php?rest_route=%2Fwp%2Fv2%2Fcomments&post=1009"}],"version-history":[{"count":6,"href":"https:\/\/www.antiquite-avenir.org\/index.php?rest_route=\/wp\/v2\/pages\/1009\/revisions"}],"predecessor-version":[{"id":1018,"href":"https:\/\/www.antiquite-avenir.org\/index.php?rest_route=\/wp\/v2\/pages\/1009\/revisions\/1018"}],"wp:attachment":[{"href":"https:\/\/www.antiquite-avenir.org\/index.php?rest_route=%2Fwp%2Fv2%2Fmedia&parent=1009"}],"curies":[{"name":"wp","href":"https:\/\/api.w.org\/{rel}","templated":true}]}}